{"id":12,"date":"2019-05-08T10:03:57","date_gmt":"2019-05-08T08:03:57","guid":{"rendered":"http:\/\/www.bsgsi.be\/?page_id=12"},"modified":"2024-04-22T09:22:24","modified_gmt":"2024-04-22T07:22:24","slug":"qui-sommes-nous","status":"publish","type":"page","link":"https:\/\/www.bsgsi.be\/index.php\/qui-sommes-nous\/","title":{"rendered":"Qui suis-je ?"},"content":{"rendered":"\n<p>Un an apr\u00e8s l&rsquo;achat de mon habitation propre, j&rsquo;ai d\u00e9cid\u00e9 d&rsquo;investir dans un premier appartement \u00e0 mettre en location. Depuis, l&rsquo;immobilier m&rsquo;a pris de passion et fort de 15 ans d&rsquo;exp\u00e9rience, d&rsquo;Assembl\u00e9es G\u00e9n\u00e9rales, de conflits \u00e0 g\u00e9rer, de travaux \u00e0 organiser&#8230; J&rsquo;ai d\u00e9cid\u00e9 de sauter le pas et passer de l&rsquo;autre c\u00f4t\u00e9 de la barri\u00e8re.<\/p>\n\n\n\n<p>J&rsquo;ai remarqu\u00e9 qu&rsquo;il devenait de plus en plus difficile de trouver un Syndic qui suivait vos r\u00e9sidences avec l&rsquo;attention qu&rsquo;elles m\u00e9ritent, qu&rsquo;il y avait de plus en plus de nouvelles copropri\u00e9t\u00e9s en construction et de moins en moins de Syndics professionnels. D\u00e8s lors, j&rsquo;ai d\u00e9cid\u00e9 d&rsquo;orienter ma carri\u00e8re professionnelle dans ce sens afin de servir les personnes qui se trouvaient dans la m\u00eame situation que moi.<\/p>\n\n\n\n<p>Aujourd&rsquo;hui, je souhaite avant tout vous offrir mes meilleurs services, vous apporter mon exp\u00e9rience dans le domaine de l&rsquo;immobilier, de la gestion d&rsquo;immeubles, de la gestion locative, la planification de travaux au meilleur prix, etc&#8230; Donner \u00e0 chacun l&rsquo;opportunit\u00e9 de s&rsquo;exprimer et faire respecter les d\u00e9cisions prises par les copropri\u00e9taires dans les meilleurs d\u00e9lais.<\/p>\n\n\n\n<p>Un bon suivi de votre immeuble permet de garantir la p\u00e9rennit\u00e9 de votre investissement&#8230; C&rsquo;est le d\u00e9fi que je souhaite relever.<\/p>\n","protected":false},"excerpt":{"rendered":"<p>Un an apr\u00e8s l&rsquo;achat de mon habitation propre, j&rsquo;ai d\u00e9cid\u00e9 d&rsquo;investir dans un premier appartement \u00e0 mettre en location. Depuis, l&rsquo;immobilier m&rsquo;a pris de passion et fort de 15 ans d&rsquo;exp\u00e9rience, d&rsquo;Assembl\u00e9es G\u00e9n\u00e9rales, de conflits \u00e0 g\u00e9rer, de travaux \u00e0 organiser&#8230; J&rsquo;ai d\u00e9cid\u00e9 de sauter le pas et passer de l&rsquo;autre c\u00f4t\u00e9 de la barri\u00e8re. &hellip; <\/p>\n<p class=\"link-more\"><a href=\"https:\/\/www.bsgsi.be\/index.php\/qui-sommes-nous\/\" class=\"more-link\">Continuer la lecture<span class=\"screen-reader-text\"> de &laquo;&nbsp;Qui suis-je ?&nbsp;&raquo;<\/span><\/a><\/p>\n","protected":false},"author":1,"featured_media":0,"parent":0,"menu_order":0,"comment_status":"closed","ping_status":"closed","template":"","meta":{"footnotes":""},"class_list":["post-12","page","type-page","status-publish","hentry"],"yoast_head":"<!-- This site is optimized with the Yoast SEO plugin v27.4 - https:\/\/yoast.com\/product\/yoast-seo-wordpress\/ -->\n<title>Qui suis-je ? - BSGSI<\/title>\n<meta name=\"robots\" content=\"index, follow, max-snippet:-1, max-image-preview:large, max-video-preview:-1\" \/>\n<link rel=\"canonical\" href=\"https:\/\/www.bsgsi.be\/index.php\/qui-sommes-nous\/\" \/>\n<meta property=\"og:locale\" content=\"fr_FR\" \/>\n<meta property=\"og:type\" content=\"article\" \/>\n<meta property=\"og:title\" content=\"Qui suis-je ? - BSGSI\" \/>\n<meta property=\"og:description\" content=\"Un an apr\u00e8s l&rsquo;achat de mon habitation propre, j&rsquo;ai d\u00e9cid\u00e9 d&rsquo;investir dans un premier appartement \u00e0 mettre en location. Depuis, l&rsquo;immobilier m&rsquo;a pris de passion et fort de 15 ans d&rsquo;exp\u00e9rience, d&rsquo;Assembl\u00e9es G\u00e9n\u00e9rales, de conflits \u00e0 g\u00e9rer, de travaux \u00e0 organiser&#8230; J&rsquo;ai d\u00e9cid\u00e9 de sauter le pas et passer de l&rsquo;autre c\u00f4t\u00e9 de la barri\u00e8re. &hellip; Continuer la lecture de &laquo;&nbsp;Qui suis-je ?&nbsp;&raquo;\" \/>\n<meta property=\"og:url\" content=\"https:\/\/www.bsgsi.be\/index.php\/qui-sommes-nous\/\" \/>\n<meta property=\"og:site_name\" content=\"BSGSI\" \/>\n<meta property=\"article:modified_time\" content=\"2024-04-22T07:22:24+00:00\" \/>\n<meta name=\"twitter:card\" content=\"summary_large_image\" \/>\n<meta name=\"twitter:label1\" content=\"Dur\u00e9e de lecture estim\u00e9e\" \/>\n\t<meta name=\"twitter:data1\" content=\"2 minutes\" \/>\n<script type=\"application\/ld+json\" class=\"yoast-schema-graph\">{\"@context\":\"https:\\\/\\\/schema.org\",\"@graph\":[{\"@type\":\"WebPage\",\"@id\":\"https:\\\/\\\/www.bsgsi.be\\\/index.php\\\/qui-sommes-nous\\\/\",\"url\":\"https:\\\/\\\/www.bsgsi.be\\\/index.php\\\/qui-sommes-nous\\\/\",\"name\":\"Qui suis-je ? - BSGSI\",\"isPartOf\":{\"@id\":\"https:\\\/\\\/www.bsgsi.be\\\/#website\"},\"datePublished\":\"2019-05-08T08:03:57+00:00\",\"dateModified\":\"2024-04-22T07:22:24+00:00\",\"breadcrumb\":{\"@id\":\"https:\\\/\\\/www.bsgsi.be\\\/index.php\\\/qui-sommes-nous\\\/#breadcrumb\"},\"inLanguage\":\"fr-FR\",\"potentialAction\":[{\"@type\":\"ReadAction\",\"target\":[\"https:\\\/\\\/www.bsgsi.be\\\/index.php\\\/qui-sommes-nous\\\/\"]}]},{\"@type\":\"BreadcrumbList\",\"@id\":\"https:\\\/\\\/www.bsgsi.be\\\/index.php\\\/qui-sommes-nous\\\/#breadcrumb\",\"itemListElement\":[{\"@type\":\"ListItem\",\"position\":1,\"name\":\"Accueil\",\"item\":\"https:\\\/\\\/www.bsgsi.be\\\/\"},{\"@type\":\"ListItem\",\"position\":2,\"name\":\"Qui suis-je ?\"}]},{\"@type\":\"WebSite\",\"@id\":\"https:\\\/\\\/www.bsgsi.be\\\/#website\",\"url\":\"https:\\\/\\\/www.bsgsi.be\\\/\",\"name\":\"BSGSI\",\"description\":\"BS Gestion et Syndic Immobilier (Charleroi \\\/ Hainaut)\",\"publisher\":{\"@id\":\"https:\\\/\\\/www.bsgsi.be\\\/#organization\"},\"potentialAction\":[{\"@type\":\"SearchAction\",\"target\":{\"@type\":\"EntryPoint\",\"urlTemplate\":\"https:\\\/\\\/www.bsgsi.be\\\/?s={search_term_string}\"},\"query-input\":{\"@type\":\"PropertyValueSpecification\",\"valueRequired\":true,\"valueName\":\"search_term_string\"}}],\"inLanguage\":\"fr-FR\"},{\"@type\":\"Organization\",\"@id\":\"https:\\\/\\\/www.bsgsi.be\\\/#organization\",\"name\":\"BSGSI\",\"url\":\"https:\\\/\\\/www.bsgsi.be\\\/\",\"logo\":{\"@type\":\"ImageObject\",\"inLanguage\":\"fr-FR\",\"@id\":\"https:\\\/\\\/www.bsgsi.be\\\/#\\\/schema\\\/logo\\\/image\\\/\",\"url\":\"\",\"contentUrl\":\"\",\"caption\":\"BSGSI\"},\"image\":{\"@id\":\"https:\\\/\\\/www.bsgsi.be\\\/#\\\/schema\\\/logo\\\/image\\\/\"}}]}<\/script>\n<!-- \/ Yoast SEO plugin. -->","yoast_head_json":{"title":"Qui suis-je ? - BSGSI","robots":{"index":"index","follow":"follow","max-snippet":"max-snippet:-1","max-image-preview":"max-image-preview:large","max-video-preview":"max-video-preview:-1"},"canonical":"https:\/\/www.bsgsi.be\/index.php\/qui-sommes-nous\/","og_locale":"fr_FR","og_type":"article","og_title":"Qui suis-je ? - BSGSI","og_description":"Un an apr\u00e8s l&rsquo;achat de mon habitation propre, j&rsquo;ai d\u00e9cid\u00e9 d&rsquo;investir dans un premier appartement \u00e0 mettre en location. Depuis, l&rsquo;immobilier m&rsquo;a pris de passion et fort de 15 ans d&rsquo;exp\u00e9rience, d&rsquo;Assembl\u00e9es G\u00e9n\u00e9rales, de conflits \u00e0 g\u00e9rer, de travaux \u00e0 organiser&#8230; J&rsquo;ai d\u00e9cid\u00e9 de sauter le pas et passer de l&rsquo;autre c\u00f4t\u00e9 de la barri\u00e8re. &hellip; Continuer la lecture de &laquo;&nbsp;Qui suis-je ?&nbsp;&raquo;","og_url":"https:\/\/www.bsgsi.be\/index.php\/qui-sommes-nous\/","og_site_name":"BSGSI","article_modified_time":"2024-04-22T07:22:24+00:00","twitter_card":"summary_large_image","twitter_misc":{"Dur\u00e9e de lecture estim\u00e9e":"2 minutes"},"schema":{"@context":"https:\/\/schema.org","@graph":[{"@type":"WebPage","@id":"https:\/\/www.bsgsi.be\/index.php\/qui-sommes-nous\/","url":"https:\/\/www.bsgsi.be\/index.php\/qui-sommes-nous\/","name":"Qui suis-je ? - BSGSI","isPartOf":{"@id":"https:\/\/www.bsgsi.be\/#website"},"datePublished":"2019-05-08T08:03:57+00:00","dateModified":"2024-04-22T07:22:24+00:00","breadcrumb":{"@id":"https:\/\/www.bsgsi.be\/index.php\/qui-sommes-nous\/#breadcrumb"},"inLanguage":"fr-FR","potentialAction":[{"@type":"ReadAction","target":["https:\/\/www.bsgsi.be\/index.php\/qui-sommes-nous\/"]}]},{"@type":"BreadcrumbList","@id":"https:\/\/www.bsgsi.be\/index.php\/qui-sommes-nous\/#breadcrumb","itemListElement":[{"@type":"ListItem","position":1,"name":"Accueil","item":"https:\/\/www.bsgsi.be\/"},{"@type":"ListItem","position":2,"name":"Qui suis-je ?"}]},{"@type":"WebSite","@id":"https:\/\/www.bsgsi.be\/#website","url":"https:\/\/www.bsgsi.be\/","name":"BSGSI","description":"BS Gestion et Syndic Immobilier (Charleroi \/ Hainaut)","publisher":{"@id":"https:\/\/www.bsgsi.be\/#organization"},"potentialAction":[{"@type":"SearchAction","target":{"@type":"EntryPoint","urlTemplate":"https:\/\/www.bsgsi.be\/?s={search_term_string}"},"query-input":{"@type":"PropertyValueSpecification","valueRequired":true,"valueName":"search_term_string"}}],"inLanguage":"fr-FR"},{"@type":"Organization","@id":"https:\/\/www.bsgsi.be\/#organization","name":"BSGSI","url":"https:\/\/www.bsgsi.be\/","logo":{"@type":"ImageObject","inLanguage":"fr-FR","@id":"https:\/\/www.bsgsi.be\/#\/schema\/logo\/image\/","url":"","contentUrl":"","caption":"BSGSI"},"image":{"@id":"https:\/\/www.bsgsi.be\/#\/schema\/logo\/image\/"}}]}},"_links":{"self":[{"href":"https:\/\/www.bsgsi.be\/index.php\/wp-json\/wp\/v2\/pages\/12","targetHints":{"allow":["GET"]}}],"collection":[{"href":"https:\/\/www.bsgsi.be\/index.php\/wp-json\/wp\/v2\/pages"}],"about":[{"href":"https:\/\/www.bsgsi.be\/index.php\/wp-json\/wp\/v2\/types\/page"}],"author":[{"embeddable":true,"href":"https:\/\/www.bsgsi.be\/index.php\/wp-json\/wp\/v2\/users\/1"}],"replies":[{"embeddable":true,"href":"https:\/\/www.bsgsi.be\/index.php\/wp-json\/wp\/v2\/comments?post=12"}],"version-history":[{"count":9,"href":"https:\/\/www.bsgsi.be\/index.php\/wp-json\/wp\/v2\/pages\/12\/revisions"}],"predecessor-version":[{"id":287,"href":"https:\/\/www.bsgsi.be\/index.php\/wp-json\/wp\/v2\/pages\/12\/revisions\/287"}],"wp:attachment":[{"href":"https:\/\/www.bsgsi.be\/index.php\/wp-json\/wp\/v2\/media?parent=12"}],"curies":[{"name":"wp","href":"https:\/\/api.w.org\/{rel}","templated":true}]}}