{"id":15,"date":"2019-05-08T10:05:24","date_gmt":"2019-05-08T08:05:24","guid":{"rendered":"http:\/\/www.bsgsi.be\/?page_id=15"},"modified":"2024-11-27T20:55:09","modified_gmt":"2024-11-27T19:55:09","slug":"contact","status":"publish","type":"page","link":"https:\/\/www.bsgsi.be\/index.php\/contact\/","title":{"rendered":"Contact"},"content":{"rendered":"\n<p>\n<strong>BOHY St\u00e9phane<\/strong><br \/>\n0496\/21.33.05<br \/>\nstephane[at]bsgsi.be<br \/><br \/>\n<strong>Num\u00e9ro d&rsquo;entreprise :<\/strong> 1016.650.862<br \/>\n<strong>Num\u00e9ro IPI :<\/strong> 514050<br \/>\n\n<p>Scannez moi pour m&rsquo;ajouter directement dans votre r\u00e9pertoire t\u00e9l\u00e9phonique ! (Ou cliquez sur le QRCode si vous naviguez \u00e0 partir d&rsquo;un smartphone)<\/p>\n<a target=\"_blank\" href=\"https:\/\/pro.wemet.fr\/pro\/0e553b992dbaa7df7f07987139429949\" rel=\"noopener noreferrer\">\n   <img decoding=\"async\" src=\"https:\/\/www.bsgsi.be\/wp-content\/uploads\/2024\/10\/wemet-qr-code.png\" \/>\n<\/a>\n\n<br \/><br \/><br \/>\nCoordonn\u00e9es de l&rsquo;autorit\u00e9 de surveillance : \u201cInstitut Professionnel des agents Immobiliers, rue du Luxembourg 16 B, 1000 Bruxelles\u201d&nbsp; (<a target=\"_blank\" href=\"https:\/\/www.ipi.be\/downloads\/code-de-deontologie\" rel=\"noopener noreferrer\">Code de d\u00e9ontologie de l&rsquo;IPI<\/a>)<br \/><br \/>\nResponsabilit\u00e9 civile assur\u00e9e par SA AXA Belgium (police 730.390.160)\n<\/p>\n","protected":false},"excerpt":{"rendered":"<p>BOHY St\u00e9phane 0496\/21.33.05 stephane[at]bsgsi.be Num\u00e9ro d&rsquo;entreprise : 1016.650.862 Num\u00e9ro IPI : 514050 Scannez moi pour m&rsquo;ajouter directement dans votre r\u00e9pertoire t\u00e9l\u00e9phonique ! (Ou cliquez sur le QRCode si vous naviguez \u00e0 partir d&rsquo;un smartphone) Coordonn\u00e9es de l&rsquo;autorit\u00e9 de surveillance : \u201cInstitut Professionnel des agents Immobiliers, rue du Luxembourg 16 B, 1000 Bruxelles\u201d&nbsp; (Code de d\u00e9ontologie &hellip; <\/p>\n<p class=\"link-more\"><a href=\"https:\/\/www.bsgsi.be\/index.php\/contact\/\" class=\"more-link\">Continuer la lecture<span class=\"screen-reader-text\"> de &laquo;&nbsp;Contact&nbsp;&raquo;<\/span><\/a><\/p>\n","protected":false},"author":1,"featured_media":0,"parent":0,"menu_order":0,"comment_status":"closed","ping_status":"closed","template":"","meta":{"footnotes":""},"class_list":["post-15","page","type-page","status-publish","hentry"],"yoast_head":"<!-- This site is optimized with the Yoast SEO plugin v27.4 - https:\/\/yoast.com\/product\/yoast-seo-wordpress\/ -->\n<title>Contact - BSGSI<\/title>\n<meta name=\"robots\" content=\"index, follow, max-snippet:-1, max-image-preview:large, max-video-preview:-1\" \/>\n<link rel=\"canonical\" href=\"https:\/\/www.bsgsi.be\/index.php\/contact\/\" \/>\n<meta property=\"og:locale\" content=\"fr_FR\" \/>\n<meta property=\"og:type\" content=\"article\" \/>\n<meta property=\"og:title\" content=\"Contact - BSGSI\" \/>\n<meta property=\"og:description\" content=\"BOHY St\u00e9phane 0496\/21.33.05 stephane[at]bsgsi.be Num\u00e9ro d&rsquo;entreprise : 1016.650.862 Num\u00e9ro IPI : 514050 Scannez moi pour m&rsquo;ajouter directement dans votre r\u00e9pertoire t\u00e9l\u00e9phonique ! (Ou cliquez sur le QRCode si vous naviguez \u00e0 partir d&rsquo;un smartphone) Coordonn\u00e9es de l&rsquo;autorit\u00e9 de surveillance : \u201cInstitut Professionnel des agents Immobiliers, rue du Luxembourg 16 B, 1000 Bruxelles\u201d&nbsp; (Code de d\u00e9ontologie &hellip; Continuer la lecture de &laquo;&nbsp;Contact&nbsp;&raquo;\" \/>\n<meta property=\"og:url\" content=\"https:\/\/www.bsgsi.be\/index.php\/contact\/\" \/>\n<meta property=\"og:site_name\" content=\"BSGSI\" \/>\n<meta property=\"article:modified_time\" content=\"2024-11-27T19:55:09+00:00\" \/>\n<meta property=\"og:image\" content=\"https:\/\/www.bsgsi.be\/wp-content\/uploads\/2024\/10\/wemet-qr-code.png\" \/>\n<meta name=\"twitter:card\" content=\"summary_large_image\" \/>\n<meta name=\"twitter:label1\" content=\"Dur\u00e9e de lecture estim\u00e9e\" \/>\n\t<meta name=\"twitter:data1\" content=\"1 minute\" \/>\n<script type=\"application\/ld+json\" class=\"yoast-schema-graph\">{\"@context\":\"https:\\\/\\\/schema.org\",\"@graph\":[{\"@type\":\"WebPage\",\"@id\":\"https:\\\/\\\/www.bsgsi.be\\\/index.php\\\/contact\\\/\",\"url\":\"https:\\\/\\\/www.bsgsi.be\\\/index.php\\\/contact\\\/\",\"name\":\"Contact - BSGSI\",\"isPartOf\":{\"@id\":\"https:\\\/\\\/www.bsgsi.be\\\/#website\"},\"primaryImageOfPage\":{\"@id\":\"https:\\\/\\\/www.bsgsi.be\\\/index.php\\\/contact\\\/#primaryimage\"},\"image\":{\"@id\":\"https:\\\/\\\/www.bsgsi.be\\\/index.php\\\/contact\\\/#primaryimage\"},\"thumbnailUrl\":\"https:\\\/\\\/www.bsgsi.be\\\/wp-content\\\/uploads\\\/2024\\\/10\\\/wemet-qr-code.png\",\"datePublished\":\"2019-05-08T08:05:24+00:00\",\"dateModified\":\"2024-11-27T19:55:09+00:00\",\"breadcrumb\":{\"@id\":\"https:\\\/\\\/www.bsgsi.be\\\/index.php\\\/contact\\\/#breadcrumb\"},\"inLanguage\":\"fr-FR\",\"potentialAction\":[{\"@type\":\"ReadAction\",\"target\":[\"https:\\\/\\\/www.bsgsi.be\\\/index.php\\\/contact\\\/\"]}]},{\"@type\":\"ImageObject\",\"inLanguage\":\"fr-FR\",\"@id\":\"https:\\\/\\\/www.bsgsi.be\\\/index.php\\\/contact\\\/#primaryimage\",\"url\":\"https:\\\/\\\/www.bsgsi.be\\\/wp-content\\\/uploads\\\/2024\\\/10\\\/wemet-qr-code.png\",\"contentUrl\":\"https:\\\/\\\/www.bsgsi.be\\\/wp-content\\\/uploads\\\/2024\\\/10\\\/wemet-qr-code.png\",\"width\":256,\"height\":256},{\"@type\":\"BreadcrumbList\",\"@id\":\"https:\\\/\\\/www.bsgsi.be\\\/index.php\\\/contact\\\/#breadcrumb\",\"itemListElement\":[{\"@type\":\"ListItem\",\"position\":1,\"name\":\"Accueil\",\"item\":\"https:\\\/\\\/www.bsgsi.be\\\/\"},{\"@type\":\"ListItem\",\"position\":2,\"name\":\"Contact\"}]},{\"@type\":\"WebSite\",\"@id\":\"https:\\\/\\\/www.bsgsi.be\\\/#website\",\"url\":\"https:\\\/\\\/www.bsgsi.be\\\/\",\"name\":\"BSGSI\",\"description\":\"BS Gestion et Syndic Immobilier (Charleroi \\\/ Hainaut)\",\"publisher\":{\"@id\":\"https:\\\/\\\/www.bsgsi.be\\\/#organization\"},\"potentialAction\":[{\"@type\":\"SearchAction\",\"target\":{\"@type\":\"EntryPoint\",\"urlTemplate\":\"https:\\\/\\\/www.bsgsi.be\\\/?s={search_term_string}\"},\"query-input\":{\"@type\":\"PropertyValueSpecification\",\"valueRequired\":true,\"valueName\":\"search_term_string\"}}],\"inLanguage\":\"fr-FR\"},{\"@type\":\"Organization\",\"@id\":\"https:\\\/\\\/www.bsgsi.be\\\/#organization\",\"name\":\"BSGSI\",\"url\":\"https:\\\/\\\/www.bsgsi.be\\\/\",\"logo\":{\"@type\":\"ImageObject\",\"inLanguage\":\"fr-FR\",\"@id\":\"https:\\\/\\\/www.bsgsi.be\\\/#\\\/schema\\\/logo\\\/image\\\/\",\"url\":\"\",\"contentUrl\":\"\",\"caption\":\"BSGSI\"},\"image\":{\"@id\":\"https:\\\/\\\/www.bsgsi.be\\\/#\\\/schema\\\/logo\\\/image\\\/\"}}]}<\/script>\n<!-- \/ Yoast SEO plugin. -->","yoast_head_json":{"title":"Contact - BSGSI","robots":{"index":"index","follow":"follow","max-snippet":"max-snippet:-1","max-image-preview":"max-image-preview:large","max-video-preview":"max-video-preview:-1"},"canonical":"https:\/\/www.bsgsi.be\/index.php\/contact\/","og_locale":"fr_FR","og_type":"article","og_title":"Contact - BSGSI","og_description":"BOHY St\u00e9phane 0496\/21.33.05 stephane[at]bsgsi.be Num\u00e9ro d&rsquo;entreprise : 1016.650.862 Num\u00e9ro IPI : 514050 Scannez moi pour m&rsquo;ajouter directement dans votre r\u00e9pertoire t\u00e9l\u00e9phonique ! (Ou cliquez sur le QRCode si vous naviguez \u00e0 partir d&rsquo;un smartphone) Coordonn\u00e9es de l&rsquo;autorit\u00e9 de surveillance : \u201cInstitut Professionnel des agents Immobiliers, rue du Luxembourg 16 B, 1000 Bruxelles\u201d&nbsp; (Code de d\u00e9ontologie &hellip; Continuer la lecture de &laquo;&nbsp;Contact&nbsp;&raquo;","og_url":"https:\/\/www.bsgsi.be\/index.php\/contact\/","og_site_name":"BSGSI","article_modified_time":"2024-11-27T19:55:09+00:00","og_image":[{"url":"https:\/\/www.bsgsi.be\/wp-content\/uploads\/2024\/10\/wemet-qr-code.png","type":"","width":"","height":""}],"twitter_card":"summary_large_image","twitter_misc":{"Dur\u00e9e de lecture estim\u00e9e":"1 minute"},"schema":{"@context":"https:\/\/schema.org","@graph":[{"@type":"WebPage","@id":"https:\/\/www.bsgsi.be\/index.php\/contact\/","url":"https:\/\/www.bsgsi.be\/index.php\/contact\/","name":"Contact - BSGSI","isPartOf":{"@id":"https:\/\/www.bsgsi.be\/#website"},"primaryImageOfPage":{"@id":"https:\/\/www.bsgsi.be\/index.php\/contact\/#primaryimage"},"image":{"@id":"https:\/\/www.bsgsi.be\/index.php\/contact\/#primaryimage"},"thumbnailUrl":"https:\/\/www.bsgsi.be\/wp-content\/uploads\/2024\/10\/wemet-qr-code.png","datePublished":"2019-05-08T08:05:24+00:00","dateModified":"2024-11-27T19:55:09+00:00","breadcrumb":{"@id":"https:\/\/www.bsgsi.be\/index.php\/contact\/#breadcrumb"},"inLanguage":"fr-FR","potentialAction":[{"@type":"ReadAction","target":["https:\/\/www.bsgsi.be\/index.php\/contact\/"]}]},{"@type":"ImageObject","inLanguage":"fr-FR","@id":"https:\/\/www.bsgsi.be\/index.php\/contact\/#primaryimage","url":"https:\/\/www.bsgsi.be\/wp-content\/uploads\/2024\/10\/wemet-qr-code.png","contentUrl":"https:\/\/www.bsgsi.be\/wp-content\/uploads\/2024\/10\/wemet-qr-code.png","width":256,"height":256},{"@type":"BreadcrumbList","@id":"https:\/\/www.bsgsi.be\/index.php\/contact\/#breadcrumb","itemListElement":[{"@type":"ListItem","position":1,"name":"Accueil","item":"https:\/\/www.bsgsi.be\/"},{"@type":"ListItem","position":2,"name":"Contact"}]},{"@type":"WebSite","@id":"https:\/\/www.bsgsi.be\/#website","url":"https:\/\/www.bsgsi.be\/","name":"BSGSI","description":"BS Gestion et Syndic Immobilier (Charleroi \/ Hainaut)","publisher":{"@id":"https:\/\/www.bsgsi.be\/#organization"},"potentialAction":[{"@type":"SearchAction","target":{"@type":"EntryPoint","urlTemplate":"https:\/\/www.bsgsi.be\/?s={search_term_string}"},"query-input":{"@type":"PropertyValueSpecification","valueRequired":true,"valueName":"search_term_string"}}],"inLanguage":"fr-FR"},{"@type":"Organization","@id":"https:\/\/www.bsgsi.be\/#organization","name":"BSGSI","url":"https:\/\/www.bsgsi.be\/","logo":{"@type":"ImageObject","inLanguage":"fr-FR","@id":"https:\/\/www.bsgsi.be\/#\/schema\/logo\/image\/","url":"","contentUrl":"","caption":"BSGSI"},"image":{"@id":"https:\/\/www.bsgsi.be\/#\/schema\/logo\/image\/"}}]}},"_links":{"self":[{"href":"https:\/\/www.bsgsi.be\/index.php\/wp-json\/wp\/v2\/pages\/15","targetHints":{"allow":["GET"]}}],"collection":[{"href":"https:\/\/www.bsgsi.be\/index.php\/wp-json\/wp\/v2\/pages"}],"about":[{"href":"https:\/\/www.bsgsi.be\/index.php\/wp-json\/wp\/v2\/types\/page"}],"author":[{"embeddable":true,"href":"https:\/\/www.bsgsi.be\/index.php\/wp-json\/wp\/v2\/users\/1"}],"replies":[{"embeddable":true,"href":"https:\/\/www.bsgsi.be\/index.php\/wp-json\/wp\/v2\/comments?post=15"}],"version-history":[{"count":18,"href":"https:\/\/www.bsgsi.be\/index.php\/wp-json\/wp\/v2\/pages\/15\/revisions"}],"predecessor-version":[{"id":325,"href":"https:\/\/www.bsgsi.be\/index.php\/wp-json\/wp\/v2\/pages\/15\/revisions\/325"}],"wp:attachment":[{"href":"https:\/\/www.bsgsi.be\/index.php\/wp-json\/wp\/v2\/media?parent=15"}],"curies":[{"name":"wp","href":"https:\/\/api.w.org\/{rel}","templated":true}]}}