{"id":169,"date":"2020-10-31T06:03:08","date_gmt":"2020-10-31T05:03:08","guid":{"rendered":"http:\/\/www.bsgsi.be\/?page_id=169"},"modified":"2024-04-22T09:47:33","modified_gmt":"2024-04-22T07:47:33","slug":"syndic","status":"publish","type":"page","link":"https:\/\/www.bsgsi.be\/index.php\/syndic\/","title":{"rendered":"Syndic"},"content":{"rendered":"\n<p>Nous avons tous entendu parler de l&rsquo;une ou l&rsquo;autre m\u00e9saventure qu&rsquo;un propri\u00e9taire a rencontr\u00e9 avec son Syndic, lorsqu&rsquo;on n&rsquo;en a pas v\u00e9cue soit m\u00eame : Manque de disponibilit\u00e9, de suivi, gestion des comptes obscure, communication inexistante, etc\u2026 Il est vrai que par le pass\u00e9, de nombreux abus ont eu lieu, donnant une image tronqu\u00e9e de la profession.<\/p>\n\n\n\n<p>Bien que la loi de 2010 ait encadr\u00e9e la profession de Syndic de mani\u00e8re plus d\u00e9taill\u00e9e (Plus d&rsquo;infos sur le <a href=\"http:\/\/www.droitbelge.be\/fiches_detail.asp?idcat=9&amp;id=624\" target=\"_blank\" rel=\"noreferrer noopener\">portail du droit belge<\/a>), il existe encore de nombreux immeubles qui ne sont pas g\u00e9r\u00e9s comme il se doit. En effet, le syndic doit \u00eatre \u00e0 la fois comptable, assistant juridique et technicien de la copropri\u00e9t\u00e9, ce qui rend cette t\u00e2che tr\u00e8s compliqu\u00e9e.  <\/p>\n\n\n\n<p>Enfin, rappelons que les syndics non professionnels sont eux aussi, et malgr\u00e9 leur statut, soumis aux m\u00eames dispositions l\u00e9gales. Autrement dit, leur mandat engage leur responsabilit\u00e9 m\u00eame s&rsquo;ils ne per\u00e7oivent parfois pas de r\u00e9mun\u00e9ration. Et avec les changements perp\u00e9tuels de la l\u00e9gislation, des obligations en mati\u00e8re d&rsquo;isolation, de conformit\u00e9 \u00e9lectrique, etc&#8230; cette complexit\u00e9 est en constante \u00e9volution.<\/p>\n\n\n\n<p>Pour se rendre compte, voici une liste non exhaustive des diff\u00e9rentes missions confi\u00e9es au Syndic : <a href=\"https:\/\/www.bsgsi.be\/index.php\/les-missions-du-syndic\/\">Les missions du Syndic<\/a><\/p>\n\n\n\n<p>A la lecture de cette liste, il devient plus \u00e9vident que le m\u00e9tier de Syndic est vaste et complexe, c&rsquo;est pourquoi aujourd&rsquo;hui je souhaite avant tout vous offrir mes meilleurs services. Vous apporter mon exp\u00e9rience dans le domaine de l\u2019immobilier, de la gestion d\u2019immeubles, de la planification de travaux au meilleur prix, etc\u2026 Donner \u00e0 chacun l\u2019opportunit\u00e9 de s\u2019exprimer et faire respecter les d\u00e9cisions prises par les copropri\u00e9taires dans les meilleurs d\u00e9lais.<\/p>\n\n\n\n<p>C&rsquo;est la mission que je me suis donn\u00e9 !<\/p>\n\n\n\n<p><\/p>\n\n\n\n<figure class=\"wp-block-image size-full\"><img loading=\"lazy\" decoding=\"async\" width=\"1000\" height=\"614\" src=\"https:\/\/www.bsgsi.be\/wp-content\/uploads\/2024\/04\/17-Overzicht-Nieuws_1.png\" alt=\"\" class=\"wp-image-294\" srcset=\"https:\/\/www.bsgsi.be\/wp-content\/uploads\/2024\/04\/17-Overzicht-Nieuws_1.png 1000w, https:\/\/www.bsgsi.be\/wp-content\/uploads\/2024\/04\/17-Overzicht-Nieuws_1-300x184.png 300w, https:\/\/www.bsgsi.be\/wp-content\/uploads\/2024\/04\/17-Overzicht-Nieuws_1-768x472.png 768w\" sizes=\"auto, (max-width: 767px) 89vw, (max-width: 1000px) 54vw, (max-width: 1071px) 543px, 580px\" \/><\/figure>\n\n\n\n<p><\/p>\n\n\n\n<p><a href=\"https:\/\/www.bsgsi.be\/index.php\/contact\/\">Contactez-moi<\/a><\/p>\n","protected":false},"excerpt":{"rendered":"<p>Nous avons tous entendu parler de l&rsquo;une ou l&rsquo;autre m\u00e9saventure qu&rsquo;un propri\u00e9taire a rencontr\u00e9 avec son Syndic, lorsqu&rsquo;on n&rsquo;en a pas v\u00e9cue soit m\u00eame : Manque de disponibilit\u00e9, de suivi, gestion des comptes obscure, communication inexistante, etc\u2026 Il est vrai que par le pass\u00e9, de nombreux abus ont eu lieu, donnant une image tronqu\u00e9e de &hellip; <\/p>\n<p class=\"link-more\"><a href=\"https:\/\/www.bsgsi.be\/index.php\/syndic\/\" class=\"more-link\">Continuer la lecture<span class=\"screen-reader-text\"> de &laquo;&nbsp;Syndic&nbsp;&raquo;<\/span><\/a><\/p>\n","protected":false},"author":1,"featured_media":0,"parent":0,"menu_order":0,"comment_status":"closed","ping_status":"closed","template":"","meta":{"footnotes":""},"class_list":["post-169","page","type-page","status-publish","hentry"],"yoast_head":"<!-- This site is optimized with the Yoast SEO plugin v27.5 - https:\/\/yoast.com\/product\/yoast-seo-wordpress\/ -->\n<title>Syndic - BSGSI<\/title>\n<meta name=\"robots\" content=\"index, follow, max-snippet:-1, max-image-preview:large, max-video-preview:-1\" \/>\n<link rel=\"canonical\" href=\"https:\/\/www.bsgsi.be\/index.php\/syndic\/\" \/>\n<meta property=\"og:locale\" content=\"fr_FR\" \/>\n<meta property=\"og:type\" content=\"article\" \/>\n<meta property=\"og:title\" content=\"Syndic - BSGSI\" \/>\n<meta property=\"og:description\" content=\"Nous avons tous entendu parler de l&rsquo;une ou l&rsquo;autre m\u00e9saventure qu&rsquo;un propri\u00e9taire a rencontr\u00e9 avec son Syndic, lorsqu&rsquo;on n&rsquo;en a pas v\u00e9cue soit m\u00eame : Manque de disponibilit\u00e9, de suivi, gestion des comptes obscure, communication inexistante, etc\u2026 Il est vrai que par le pass\u00e9, de nombreux abus ont eu lieu, donnant une image tronqu\u00e9e de &hellip; Continuer la lecture de &laquo;&nbsp;Syndic&nbsp;&raquo;\" \/>\n<meta property=\"og:url\" content=\"https:\/\/www.bsgsi.be\/index.php\/syndic\/\" \/>\n<meta property=\"og:site_name\" content=\"BSGSI\" \/>\n<meta property=\"article:modified_time\" content=\"2024-04-22T07:47:33+00:00\" \/>\n<meta property=\"og:image\" content=\"https:\/\/www.bsgsi.be\/wp-content\/uploads\/2024\/04\/17-Overzicht-Nieuws_1.png\" \/>\n<meta name=\"twitter:card\" content=\"summary_large_image\" \/>\n<meta name=\"twitter:label1\" content=\"Dur\u00e9e de lecture estim\u00e9e\" \/>\n\t<meta name=\"twitter:data1\" content=\"2 minutes\" \/>\n<script type=\"application\/ld+json\" class=\"yoast-schema-graph\">{\"@context\":\"https:\\\/\\\/schema.org\",\"@graph\":[{\"@type\":\"WebPage\",\"@id\":\"https:\\\/\\\/www.bsgsi.be\\\/index.php\\\/syndic\\\/\",\"url\":\"https:\\\/\\\/www.bsgsi.be\\\/index.php\\\/syndic\\\/\",\"name\":\"Syndic - BSGSI\",\"isPartOf\":{\"@id\":\"https:\\\/\\\/www.bsgsi.be\\\/#website\"},\"primaryImageOfPage\":{\"@id\":\"https:\\\/\\\/www.bsgsi.be\\\/index.php\\\/syndic\\\/#primaryimage\"},\"image\":{\"@id\":\"https:\\\/\\\/www.bsgsi.be\\\/index.php\\\/syndic\\\/#primaryimage\"},\"thumbnailUrl\":\"https:\\\/\\\/www.bsgsi.be\\\/wp-content\\\/uploads\\\/2024\\\/04\\\/17-Overzicht-Nieuws_1.png\",\"datePublished\":\"2020-10-31T05:03:08+00:00\",\"dateModified\":\"2024-04-22T07:47:33+00:00\",\"breadcrumb\":{\"@id\":\"https:\\\/\\\/www.bsgsi.be\\\/index.php\\\/syndic\\\/#breadcrumb\"},\"inLanguage\":\"fr-FR\",\"potentialAction\":[{\"@type\":\"ReadAction\",\"target\":[\"https:\\\/\\\/www.bsgsi.be\\\/index.php\\\/syndic\\\/\"]}]},{\"@type\":\"ImageObject\",\"inLanguage\":\"fr-FR\",\"@id\":\"https:\\\/\\\/www.bsgsi.be\\\/index.php\\\/syndic\\\/#primaryimage\",\"url\":\"https:\\\/\\\/www.bsgsi.be\\\/wp-content\\\/uploads\\\/2024\\\/04\\\/17-Overzicht-Nieuws_1.png\",\"contentUrl\":\"https:\\\/\\\/www.bsgsi.be\\\/wp-content\\\/uploads\\\/2024\\\/04\\\/17-Overzicht-Nieuws_1.png\",\"width\":1000,\"height\":614},{\"@type\":\"BreadcrumbList\",\"@id\":\"https:\\\/\\\/www.bsgsi.be\\\/index.php\\\/syndic\\\/#breadcrumb\",\"itemListElement\":[{\"@type\":\"ListItem\",\"position\":1,\"name\":\"Accueil\",\"item\":\"https:\\\/\\\/www.bsgsi.be\\\/\"},{\"@type\":\"ListItem\",\"position\":2,\"name\":\"Syndic\"}]},{\"@type\":\"WebSite\",\"@id\":\"https:\\\/\\\/www.bsgsi.be\\\/#website\",\"url\":\"https:\\\/\\\/www.bsgsi.be\\\/\",\"name\":\"BSGSI\",\"description\":\"BS Gestion et Syndic Immobilier (Charleroi \\\/ Hainaut)\",\"publisher\":{\"@id\":\"https:\\\/\\\/www.bsgsi.be\\\/#organization\"},\"potentialAction\":[{\"@type\":\"SearchAction\",\"target\":{\"@type\":\"EntryPoint\",\"urlTemplate\":\"https:\\\/\\\/www.bsgsi.be\\\/?s={search_term_string}\"},\"query-input\":{\"@type\":\"PropertyValueSpecification\",\"valueRequired\":true,\"valueName\":\"search_term_string\"}}],\"inLanguage\":\"fr-FR\"},{\"@type\":\"Organization\",\"@id\":\"https:\\\/\\\/www.bsgsi.be\\\/#organization\",\"name\":\"BSGSI\",\"url\":\"https:\\\/\\\/www.bsgsi.be\\\/\",\"logo\":{\"@type\":\"ImageObject\",\"inLanguage\":\"fr-FR\",\"@id\":\"https:\\\/\\\/www.bsgsi.be\\\/#\\\/schema\\\/logo\\\/image\\\/\",\"url\":\"\",\"contentUrl\":\"\",\"caption\":\"BSGSI\"},\"image\":{\"@id\":\"https:\\\/\\\/www.bsgsi.be\\\/#\\\/schema\\\/logo\\\/image\\\/\"}}]}<\/script>\n<!-- \/ Yoast SEO plugin. -->","yoast_head_json":{"title":"Syndic - BSGSI","robots":{"index":"index","follow":"follow","max-snippet":"max-snippet:-1","max-image-preview":"max-image-preview:large","max-video-preview":"max-video-preview:-1"},"canonical":"https:\/\/www.bsgsi.be\/index.php\/syndic\/","og_locale":"fr_FR","og_type":"article","og_title":"Syndic - BSGSI","og_description":"Nous avons tous entendu parler de l&rsquo;une ou l&rsquo;autre m\u00e9saventure qu&rsquo;un propri\u00e9taire a rencontr\u00e9 avec son Syndic, lorsqu&rsquo;on n&rsquo;en a pas v\u00e9cue soit m\u00eame : Manque de disponibilit\u00e9, de suivi, gestion des comptes obscure, communication inexistante, etc\u2026 Il est vrai que par le pass\u00e9, de nombreux abus ont eu lieu, donnant une image tronqu\u00e9e de &hellip; Continuer la lecture de &laquo;&nbsp;Syndic&nbsp;&raquo;","og_url":"https:\/\/www.bsgsi.be\/index.php\/syndic\/","og_site_name":"BSGSI","article_modified_time":"2024-04-22T07:47:33+00:00","og_image":[{"url":"https:\/\/www.bsgsi.be\/wp-content\/uploads\/2024\/04\/17-Overzicht-Nieuws_1.png","type":"","width":"","height":""}],"twitter_card":"summary_large_image","twitter_misc":{"Dur\u00e9e de lecture estim\u00e9e":"2 minutes"},"schema":{"@context":"https:\/\/schema.org","@graph":[{"@type":"WebPage","@id":"https:\/\/www.bsgsi.be\/index.php\/syndic\/","url":"https:\/\/www.bsgsi.be\/index.php\/syndic\/","name":"Syndic - BSGSI","isPartOf":{"@id":"https:\/\/www.bsgsi.be\/#website"},"primaryImageOfPage":{"@id":"https:\/\/www.bsgsi.be\/index.php\/syndic\/#primaryimage"},"image":{"@id":"https:\/\/www.bsgsi.be\/index.php\/syndic\/#primaryimage"},"thumbnailUrl":"https:\/\/www.bsgsi.be\/wp-content\/uploads\/2024\/04\/17-Overzicht-Nieuws_1.png","datePublished":"2020-10-31T05:03:08+00:00","dateModified":"2024-04-22T07:47:33+00:00","breadcrumb":{"@id":"https:\/\/www.bsgsi.be\/index.php\/syndic\/#breadcrumb"},"inLanguage":"fr-FR","potentialAction":[{"@type":"ReadAction","target":["https:\/\/www.bsgsi.be\/index.php\/syndic\/"]}]},{"@type":"ImageObject","inLanguage":"fr-FR","@id":"https:\/\/www.bsgsi.be\/index.php\/syndic\/#primaryimage","url":"https:\/\/www.bsgsi.be\/wp-content\/uploads\/2024\/04\/17-Overzicht-Nieuws_1.png","contentUrl":"https:\/\/www.bsgsi.be\/wp-content\/uploads\/2024\/04\/17-Overzicht-Nieuws_1.png","width":1000,"height":614},{"@type":"BreadcrumbList","@id":"https:\/\/www.bsgsi.be\/index.php\/syndic\/#breadcrumb","itemListElement":[{"@type":"ListItem","position":1,"name":"Accueil","item":"https:\/\/www.bsgsi.be\/"},{"@type":"ListItem","position":2,"name":"Syndic"}]},{"@type":"WebSite","@id":"https:\/\/www.bsgsi.be\/#website","url":"https:\/\/www.bsgsi.be\/","name":"BSGSI","description":"BS Gestion et Syndic Immobilier (Charleroi \/ Hainaut)","publisher":{"@id":"https:\/\/www.bsgsi.be\/#organization"},"potentialAction":[{"@type":"SearchAction","target":{"@type":"EntryPoint","urlTemplate":"https:\/\/www.bsgsi.be\/?s={search_term_string}"},"query-input":{"@type":"PropertyValueSpecification","valueRequired":true,"valueName":"search_term_string"}}],"inLanguage":"fr-FR"},{"@type":"Organization","@id":"https:\/\/www.bsgsi.be\/#organization","name":"BSGSI","url":"https:\/\/www.bsgsi.be\/","logo":{"@type":"ImageObject","inLanguage":"fr-FR","@id":"https:\/\/www.bsgsi.be\/#\/schema\/logo\/image\/","url":"","contentUrl":"","caption":"BSGSI"},"image":{"@id":"https:\/\/www.bsgsi.be\/#\/schema\/logo\/image\/"}}]}},"_links":{"self":[{"href":"https:\/\/www.bsgsi.be\/index.php\/wp-json\/wp\/v2\/pages\/169","targetHints":{"allow":["GET"]}}],"collection":[{"href":"https:\/\/www.bsgsi.be\/index.php\/wp-json\/wp\/v2\/pages"}],"about":[{"href":"https:\/\/www.bsgsi.be\/index.php\/wp-json\/wp\/v2\/types\/page"}],"author":[{"embeddable":true,"href":"https:\/\/www.bsgsi.be\/index.php\/wp-json\/wp\/v2\/users\/1"}],"replies":[{"embeddable":true,"href":"https:\/\/www.bsgsi.be\/index.php\/wp-json\/wp\/v2\/comments?post=169"}],"version-history":[{"count":16,"href":"https:\/\/www.bsgsi.be\/index.php\/wp-json\/wp\/v2\/pages\/169\/revisions"}],"predecessor-version":[{"id":296,"href":"https:\/\/www.bsgsi.be\/index.php\/wp-json\/wp\/v2\/pages\/169\/revisions\/296"}],"wp:attachment":[{"href":"https:\/\/www.bsgsi.be\/index.php\/wp-json\/wp\/v2\/media?parent=169"}],"curies":[{"name":"wp","href":"https:\/\/api.w.org\/{rel}","templated":true}]}}