{"id":186,"date":"2020-10-31T06:10:56","date_gmt":"2020-10-31T05:10:56","guid":{"rendered":"http:\/\/www.bsgsi.be\/?page_id=186"},"modified":"2024-04-22T09:45:07","modified_gmt":"2024-04-22T07:45:07","slug":"les-missions-du-syndic","status":"publish","type":"page","link":"https:\/\/www.bsgsi.be\/index.php\/les-missions-du-syndic\/","title":{"rendered":"Les missions du Syndic"},"content":{"rendered":"\n<ul class=\"wp-block-list\">\n<li>Convoquer les Assembl\u00e9es G\u00e9n\u00e9rales ordinaires ou extraordinaires, <\/li>\n\n\n\n<li>Consigner les d\u00e9cisions prises dans le registre pr\u00e9vu \u00e0 cet effet et les faire ex\u00e9cuter,<\/li>\n\n\n\n<li>Tenir les comptes de l&rsquo;association des copropri\u00e9taires de mani\u00e8re claire, pr\u00e9cise<br>et d\u00e9taill\u00e9e suivant le plan comptable minimum normalis\u00e9,<\/li>\n\n\n\n<li>Etablir des d\u00e9comptes annuels clairs et compr\u00e9hensibles<\/li>\n\n\n\n<li>Administrer les fonds de l\u2019Association des Copropri\u00e9taires et \u00e9tablir 1 fois par an un d\u00e9compte des consommations communes et privatives, ainsi qu&rsquo;un budget pr\u00e9visionnel pour faire face tant aux d\u00e9penses courantes qu\u2019aux frais extraordinaires pr\u00e9visibles,<\/li>\n\n\n\n<li>Assurer la maintenance courante de l&rsquo;immeuble (nettoyage, petites r\u00e9parations, \u2026),<\/li>\n\n\n\n<li>Effectuer les mutations lors d&rsquo;un changement de locataire ou de propri\u00e9taire,<\/li>\n\n\n\n<li>G\u00e9rer les sinistres assurances,<\/li>\n\n\n\n<li>\u00c9tablir un cahier des charges concernant les missions et contrats pour lesquels la mise en concurrence est obligatoire,<\/li>\n\n\n\n<li>Effectuer toutes les prestations n\u00e9cessaires cons\u00e9cutivement \u00e0 l\u2019entr\u00e9e en vigueur de nouvelles r\u00e9glementations,<\/li>\n\n\n\n<li>Effectuer le relev\u00e9 des d\u00e9compteurs et des calorim\u00e8tres,<\/li>\n\n\n\n<li>Repr\u00e9senter l&rsquo;Association des copropri\u00e9taires, tant en justice que dans la gestion des affaires communes,<\/li>\n\n\n\n<li>Permettre aux copropri\u00e9taires d&rsquo;avoir acc\u00e8s \u00e0 tous les documents ou informations \u00e0 caract\u00e8re non priv\u00e9 relatifs \u00e0 la copropri\u00e9t\u00e9,<\/li>\n\n\n\n<li>R\u00e9diger et conserver le dossier d\u2019intervention ult\u00e9rieure,<\/li>\n\n\n\n<li>Tenir \u00e0 jour les coordonn\u00e9es des personnes en droit de participer \u00e0 l&rsquo;Assembl\u00e9e G\u00e9n\u00e9rale,<\/li>\n\n\n\n<li>Organiser les r\u00e9unions du conseil de copropri\u00e9t\u00e9,<\/li>\n\n\n\n<li>Pr\u00e9parer et suivre des dossiers litigieux soumis \u00e0 un avocat,<\/li>\n\n\n\n<li>Repr\u00e9senter la copropri\u00e9t\u00e9, en tant que ma\u00eetre de l\u2019ouvrage, dans l\u2019ex\u00e9cution de gros travaux,<\/li>\n\n\n\n<li>Accomplir tous actes conservatoires et tous actes d\u2019administration provisoire,<\/li>\n\n\n\n<li>Payer les fournisseurs,<\/li>\n\n\n\n<li>Veiller au paiement des provisions des copropri\u00e9taires,<\/li>\n\n\n\n<li>&#8230;<\/li>\n<\/ul>\n\n\n\n<figure class=\"wp-block-image size-full\"><img loading=\"lazy\" decoding=\"async\" width=\"830\" height=\"350\" src=\"https:\/\/www.bsgsi.be\/wp-content\/uploads\/2024\/04\/4311_359_Syndic-830x350-1.jpg\" alt=\"\" class=\"wp-image-291\" srcset=\"https:\/\/www.bsgsi.be\/wp-content\/uploads\/2024\/04\/4311_359_Syndic-830x350-1.jpg 830w, https:\/\/www.bsgsi.be\/wp-content\/uploads\/2024\/04\/4311_359_Syndic-830x350-1-300x127.jpg 300w, https:\/\/www.bsgsi.be\/wp-content\/uploads\/2024\/04\/4311_359_Syndic-830x350-1-768x324.jpg 768w\" sizes=\"auto, (max-width: 767px) 89vw, (max-width: 1000px) 54vw, (max-width: 1071px) 543px, 580px\" \/><\/figure>\n","protected":false},"excerpt":{"rendered":"","protected":false},"author":1,"featured_media":0,"parent":0,"menu_order":0,"comment_status":"closed","ping_status":"closed","template":"","meta":{"footnotes":""},"class_list":["post-186","page","type-page","status-publish","hentry"],"yoast_head":"<!-- This site is optimized with the Yoast SEO plugin v27.5 - https:\/\/yoast.com\/product\/yoast-seo-wordpress\/ -->\n<title>Les missions du Syndic - BSGSI<\/title>\n<meta name=\"robots\" content=\"index, follow, max-snippet:-1, max-image-preview:large, max-video-preview:-1\" \/>\n<link rel=\"canonical\" href=\"https:\/\/www.bsgsi.be\/index.php\/les-missions-du-syndic\/\" \/>\n<meta property=\"og:locale\" content=\"fr_FR\" \/>\n<meta property=\"og:type\" content=\"article\" \/>\n<meta property=\"og:title\" content=\"Les missions du Syndic - BSGSI\" \/>\n<meta property=\"og:url\" content=\"https:\/\/www.bsgsi.be\/index.php\/les-missions-du-syndic\/\" \/>\n<meta property=\"og:site_name\" content=\"BSGSI\" \/>\n<meta property=\"article:modified_time\" content=\"2024-04-22T07:45:07+00:00\" \/>\n<meta property=\"og:image\" content=\"https:\/\/www.bsgsi.be\/wp-content\/uploads\/2024\/04\/4311_359_Syndic-830x350-1.jpg\" \/>\n<meta name=\"twitter:card\" content=\"summary_large_image\" \/>\n<meta name=\"twitter:label1\" content=\"Dur\u00e9e de lecture estim\u00e9e\" \/>\n\t<meta name=\"twitter:data1\" content=\"2 minutes\" \/>\n<script type=\"application\/ld+json\" class=\"yoast-schema-graph\">{\"@context\":\"https:\\\/\\\/schema.org\",\"@graph\":[{\"@type\":\"WebPage\",\"@id\":\"https:\\\/\\\/www.bsgsi.be\\\/index.php\\\/les-missions-du-syndic\\\/\",\"url\":\"https:\\\/\\\/www.bsgsi.be\\\/index.php\\\/les-missions-du-syndic\\\/\",\"name\":\"Les missions du Syndic - BSGSI\",\"isPartOf\":{\"@id\":\"https:\\\/\\\/www.bsgsi.be\\\/#website\"},\"primaryImageOfPage\":{\"@id\":\"https:\\\/\\\/www.bsgsi.be\\\/index.php\\\/les-missions-du-syndic\\\/#primaryimage\"},\"image\":{\"@id\":\"https:\\\/\\\/www.bsgsi.be\\\/index.php\\\/les-missions-du-syndic\\\/#primaryimage\"},\"thumbnailUrl\":\"https:\\\/\\\/www.bsgsi.be\\\/wp-content\\\/uploads\\\/2024\\\/04\\\/4311_359_Syndic-830x350-1.jpg\",\"datePublished\":\"2020-10-31T05:10:56+00:00\",\"dateModified\":\"2024-04-22T07:45:07+00:00\",\"breadcrumb\":{\"@id\":\"https:\\\/\\\/www.bsgsi.be\\\/index.php\\\/les-missions-du-syndic\\\/#breadcrumb\"},\"inLanguage\":\"fr-FR\",\"potentialAction\":[{\"@type\":\"ReadAction\",\"target\":[\"https:\\\/\\\/www.bsgsi.be\\\/index.php\\\/les-missions-du-syndic\\\/\"]}]},{\"@type\":\"ImageObject\",\"inLanguage\":\"fr-FR\",\"@id\":\"https:\\\/\\\/www.bsgsi.be\\\/index.php\\\/les-missions-du-syndic\\\/#primaryimage\",\"url\":\"https:\\\/\\\/www.bsgsi.be\\\/wp-content\\\/uploads\\\/2024\\\/04\\\/4311_359_Syndic-830x350-1.jpg\",\"contentUrl\":\"https:\\\/\\\/www.bsgsi.be\\\/wp-content\\\/uploads\\\/2024\\\/04\\\/4311_359_Syndic-830x350-1.jpg\",\"width\":830,\"height\":350,\"caption\":\"drawing Buildings\"},{\"@type\":\"BreadcrumbList\",\"@id\":\"https:\\\/\\\/www.bsgsi.be\\\/index.php\\\/les-missions-du-syndic\\\/#breadcrumb\",\"itemListElement\":[{\"@type\":\"ListItem\",\"position\":1,\"name\":\"Accueil\",\"item\":\"https:\\\/\\\/www.bsgsi.be\\\/\"},{\"@type\":\"ListItem\",\"position\":2,\"name\":\"Les missions du Syndic\"}]},{\"@type\":\"WebSite\",\"@id\":\"https:\\\/\\\/www.bsgsi.be\\\/#website\",\"url\":\"https:\\\/\\\/www.bsgsi.be\\\/\",\"name\":\"BSGSI\",\"description\":\"BS Gestion et Syndic Immobilier (Charleroi \\\/ Hainaut)\",\"publisher\":{\"@id\":\"https:\\\/\\\/www.bsgsi.be\\\/#organization\"},\"potentialAction\":[{\"@type\":\"SearchAction\",\"target\":{\"@type\":\"EntryPoint\",\"urlTemplate\":\"https:\\\/\\\/www.bsgsi.be\\\/?s={search_term_string}\"},\"query-input\":{\"@type\":\"PropertyValueSpecification\",\"valueRequired\":true,\"valueName\":\"search_term_string\"}}],\"inLanguage\":\"fr-FR\"},{\"@type\":\"Organization\",\"@id\":\"https:\\\/\\\/www.bsgsi.be\\\/#organization\",\"name\":\"BSGSI\",\"url\":\"https:\\\/\\\/www.bsgsi.be\\\/\",\"logo\":{\"@type\":\"ImageObject\",\"inLanguage\":\"fr-FR\",\"@id\":\"https:\\\/\\\/www.bsgsi.be\\\/#\\\/schema\\\/logo\\\/image\\\/\",\"url\":\"\",\"contentUrl\":\"\",\"caption\":\"BSGSI\"},\"image\":{\"@id\":\"https:\\\/\\\/www.bsgsi.be\\\/#\\\/schema\\\/logo\\\/image\\\/\"}}]}<\/script>\n<!-- \/ Yoast SEO plugin. -->","yoast_head_json":{"title":"Les missions du Syndic - BSGSI","robots":{"index":"index","follow":"follow","max-snippet":"max-snippet:-1","max-image-preview":"max-image-preview:large","max-video-preview":"max-video-preview:-1"},"canonical":"https:\/\/www.bsgsi.be\/index.php\/les-missions-du-syndic\/","og_locale":"fr_FR","og_type":"article","og_title":"Les missions du Syndic - BSGSI","og_url":"https:\/\/www.bsgsi.be\/index.php\/les-missions-du-syndic\/","og_site_name":"BSGSI","article_modified_time":"2024-04-22T07:45:07+00:00","og_image":[{"url":"https:\/\/www.bsgsi.be\/wp-content\/uploads\/2024\/04\/4311_359_Syndic-830x350-1.jpg","type":"","width":"","height":""}],"twitter_card":"summary_large_image","twitter_misc":{"Dur\u00e9e de lecture estim\u00e9e":"2 minutes"},"schema":{"@context":"https:\/\/schema.org","@graph":[{"@type":"WebPage","@id":"https:\/\/www.bsgsi.be\/index.php\/les-missions-du-syndic\/","url":"https:\/\/www.bsgsi.be\/index.php\/les-missions-du-syndic\/","name":"Les missions du Syndic - BSGSI","isPartOf":{"@id":"https:\/\/www.bsgsi.be\/#website"},"primaryImageOfPage":{"@id":"https:\/\/www.bsgsi.be\/index.php\/les-missions-du-syndic\/#primaryimage"},"image":{"@id":"https:\/\/www.bsgsi.be\/index.php\/les-missions-du-syndic\/#primaryimage"},"thumbnailUrl":"https:\/\/www.bsgsi.be\/wp-content\/uploads\/2024\/04\/4311_359_Syndic-830x350-1.jpg","datePublished":"2020-10-31T05:10:56+00:00","dateModified":"2024-04-22T07:45:07+00:00","breadcrumb":{"@id":"https:\/\/www.bsgsi.be\/index.php\/les-missions-du-syndic\/#breadcrumb"},"inLanguage":"fr-FR","potentialAction":[{"@type":"ReadAction","target":["https:\/\/www.bsgsi.be\/index.php\/les-missions-du-syndic\/"]}]},{"@type":"ImageObject","inLanguage":"fr-FR","@id":"https:\/\/www.bsgsi.be\/index.php\/les-missions-du-syndic\/#primaryimage","url":"https:\/\/www.bsgsi.be\/wp-content\/uploads\/2024\/04\/4311_359_Syndic-830x350-1.jpg","contentUrl":"https:\/\/www.bsgsi.be\/wp-content\/uploads\/2024\/04\/4311_359_Syndic-830x350-1.jpg","width":830,"height":350,"caption":"drawing Buildings"},{"@type":"BreadcrumbList","@id":"https:\/\/www.bsgsi.be\/index.php\/les-missions-du-syndic\/#breadcrumb","itemListElement":[{"@type":"ListItem","position":1,"name":"Accueil","item":"https:\/\/www.bsgsi.be\/"},{"@type":"ListItem","position":2,"name":"Les missions du Syndic"}]},{"@type":"WebSite","@id":"https:\/\/www.bsgsi.be\/#website","url":"https:\/\/www.bsgsi.be\/","name":"BSGSI","description":"BS Gestion et Syndic Immobilier (Charleroi \/ Hainaut)","publisher":{"@id":"https:\/\/www.bsgsi.be\/#organization"},"potentialAction":[{"@type":"SearchAction","target":{"@type":"EntryPoint","urlTemplate":"https:\/\/www.bsgsi.be\/?s={search_term_string}"},"query-input":{"@type":"PropertyValueSpecification","valueRequired":true,"valueName":"search_term_string"}}],"inLanguage":"fr-FR"},{"@type":"Organization","@id":"https:\/\/www.bsgsi.be\/#organization","name":"BSGSI","url":"https:\/\/www.bsgsi.be\/","logo":{"@type":"ImageObject","inLanguage":"fr-FR","@id":"https:\/\/www.bsgsi.be\/#\/schema\/logo\/image\/","url":"","contentUrl":"","caption":"BSGSI"},"image":{"@id":"https:\/\/www.bsgsi.be\/#\/schema\/logo\/image\/"}}]}},"_links":{"self":[{"href":"https:\/\/www.bsgsi.be\/index.php\/wp-json\/wp\/v2\/pages\/186","targetHints":{"allow":["GET"]}}],"collection":[{"href":"https:\/\/www.bsgsi.be\/index.php\/wp-json\/wp\/v2\/pages"}],"about":[{"href":"https:\/\/www.bsgsi.be\/index.php\/wp-json\/wp\/v2\/types\/page"}],"author":[{"embeddable":true,"href":"https:\/\/www.bsgsi.be\/index.php\/wp-json\/wp\/v2\/users\/1"}],"replies":[{"embeddable":true,"href":"https:\/\/www.bsgsi.be\/index.php\/wp-json\/wp\/v2\/comments?post=186"}],"version-history":[{"count":4,"href":"https:\/\/www.bsgsi.be\/index.php\/wp-json\/wp\/v2\/pages\/186\/revisions"}],"predecessor-version":[{"id":293,"href":"https:\/\/www.bsgsi.be\/index.php\/wp-json\/wp\/v2\/pages\/186\/revisions\/293"}],"wp:attachment":[{"href":"https:\/\/www.bsgsi.be\/index.php\/wp-json\/wp\/v2\/media?parent=186"}],"curies":[{"name":"wp","href":"https:\/\/api.w.org\/{rel}","templated":true}]}}